{"id":4220,"date":"2025-09-28T02:18:14","date_gmt":"2025-09-28T00:18:14","guid":{"rendered":"https:\/\/tretzeug.de\/handquad-manul-4x4-la-handbike-todoterreno-la-mtb-handcycle-puede-subir-una-inclinacion-de-40\/"},"modified":"2025-11-25T16:01:59","modified_gmt":"2025-11-25T15:01:59","slug":"handquad-manul-4x4-la-handbike-todoterreno-la-mtb-handcycle-puede-subir-una-inclinacion-de-40","status":"publish","type":"page","link":"https:\/\/tretzeug.de\/es\/handquad-manul-4x4-la-handbike-todoterreno-la-mtb-handcycle-puede-subir-una-inclinacion-de-40\/","title":{"rendered":"Handbike todoterreno Manul 4&#215;4"},"content":{"rendered":"<p>[et_pb_section fb_built=\u00bb1&#8243; _builder_version=\u00bb4.27.4&#8243; _module_preset=\u00bbdefault\u00bb background_image=\u00bbhttps:\/\/tretzeug.de\/wp-content\/uploads\/2024\/04\/manul-4&#215;4-allrad-handbike-offroad-wheelchair-mountainbike-handquad018.jpg\u00bb min_height=\u00bb660px\u00bb global_colors_info=\u00bb{}\u00bb][et_pb_row _builder_version=\u00bb4.27.4&#8243; _module_preset=\u00bbdefault\u00bb min_height=\u00bb315px\u00bb custom_margin=\u00bb-2px|auto|29px|auto||\u00bb custom_padding=\u00bb||16px|||\u00bb locked=\u00bboff\u00bb global_colors_info=\u00bb{}\u00bb][et_pb_column type=\u00bb4_4&#8243; _builder_version=\u00bb4.27.4&#8243; _module_preset=\u00bbdefault\u00bb global_colors_info=\u00bb{}\u00bb][et_pb_divider show_divider=\u00bboff\u00bb _builder_version=\u00bb4.27.4&#8243; _module_preset=\u00bbdefault\u00bb min_height=\u00bb91.8px\u00bb custom_padding=\u00bb||226px|||\u00bb global_colors_info=\u00bb{}\u00bb][\/et_pb_divider][et_pb_text _builder_version=\u00bb4.27.4&#8243; _module_preset=\u00bbdefault\u00bb text_text_color=\u00bb#FFFFFF\u00bb background_color=\u00bbrgba(131,146,135,0.58)\u00bb width=\u00bb35.8%\u00bb custom_margin=\u00bb|40px|8px|||\u00bb custom_padding=\u00bb11px||7px|0px||\u00bb box_shadow_style=\u00bbpreset1&#8243; box_shadow_spread=\u00bb14px\u00bb global_colors_info=\u00bb{}\u00bb]<\/p>\n<h3 style=\"text-align: center;\"><strong><span style=\"color: rgba(255, 255, 255, 0.86); font-size: small;\"> Manul 4&#215;4 &#8211; LA Handquad #offroadhandbike #Allradhandbike #mtbhandcycle<\/span><\/strong><\/h3>\n<p>[\/et_pb_text][\/et_pb_column][\/et_pb_row][\/et_pb_section][et_pb_section fb_built=\u00bb1&#8243; module_id=\u00bbManul4x4&#8243; _builder_version=\u00bb4.27.4&#8243; _module_preset=\u00bbdefault\u00bb background_color=\u00bb#FFFFFF\u00bb min_height=\u00bb763.1px\u00bb custom_padding=\u00bb0px||12px|||\u00bb global_colors_info=\u00bb{}\u00bb][et_pb_row column_structure=\u00bb1_2,1_2&#8243; _builder_version=\u00bb4.27.4&#8243; _module_preset=\u00bbdefault\u00bb width=\u00bb100%\u00bb max_width=\u00bb2560px\u00bb min_height=\u00bb435.2px\u00bb animation_style=\u00bbfade\u00bb global_colors_info=\u00bb{}\u00bb][et_pb_column type=\u00bb1_2&#8243; _builder_version=\u00bb4.27.4&#8243; _module_preset=\u00bbdefault\u00bb global_colors_info=\u00bb{}\u00bb][et_pb_image src=\u00bbhttps:\/\/tretzeug.de\/wp-content\/uploads\/2024\/05\/Tretzeug_Manul4x4_Bild3.jpg\u00bb title_text=\u00bbTretzeug_Manul4x4_Bild3&#8243; _builder_version=\u00bb4.27.4&#8243; _module_preset=\u00bbdefault\u00bb width=\u00bb100%\u00bb border_radii=\u00bbon|7px|7px|7px|7px\u00bb global_colors_info=\u00bb{}\u00bb][\/et_pb_image][\/et_pb_column][et_pb_column type=\u00bb1_2&#8243; _builder_version=\u00bb4.27.4&#8243; _module_preset=\u00bbdefault\u00bb global_colors_info=\u00bb{}\u00bb][et_pb_divider show_divider=\u00bboff\u00bb _builder_version=\u00bb4.27.4&#8243; _module_preset=\u00bbdefault\u00bb min_height=\u00bb40px\u00bb global_colors_info=\u00bb{}\u00bb][\/et_pb_divider][et_pb_text _builder_version=\u00bb4.27.4&#8243; _module_preset=\u00bbdefault\u00bb width=\u00bb73.7%\u00bb min_height=\u00bb323.4px\u00bb custom_margin=\u00bb|58px|0px||false|false\u00bb custom_padding=\u00bb||0px|40px||\u00bb link_option_url=\u00bb#Kontakt\u00bb hover_enabled=\u00bb0&#8243; global_colors_info=\u00bb{}\u00bb sticky_enabled=\u00bb0&#8243;]<\/p>\n<h2><span style=\"color: #000000;\">Manul 4&#215;4 \u2013 LA Handquad todoterreno<\/span><\/h2>\n<p><strong data-start=\"213\" data-end=\"238\">Mu\u00e9vete sin l\u00edmites.<\/strong><br data-start=\"238\" data-end=\"241\">Bordillos, caminos con ra\u00edces o cuestas empinadas: los obst\u00e1culos que antes te cerraban el paso se transforman de repente en puro placer de conducci\u00f3n. Con la <strong data-start=\"394\" data-end=\"424\">Manul 4\u00d74 Offroad-Handbike<\/strong>, la libertad se experimenta de una forma nueva: sube por pendientes pronunciadas, sobre grava y arena, en plena naturaleza. Donde otros se detienen, t\u00fa sigues adelante. Y lo mejor de todo: tu propia silla de ruedas te acompa\u00f1a, para hacer paradas espont\u00e1neas en la cafeter\u00eda o disfrutar de un descanso acogedor.<br data-start=\"678\" data-end=\"681\"><strong data-start=\"681\" data-end=\"745\" data-is-only-node=\"\">Independencia, aventura, alegr\u00eda de vivir: en cualquier terreno.<\/strong><\/p>\n<p><span style=\"color: #000000;\">Palabras clave: Handbike todoterreno | Hand-Quad-Cycle | Handcycle 4WD | Bicicleta para silla de ruedas | Rollstuhl-Fahrradmit4R\u00e4dern<br \/><\/span><br \/><span style=\"color: #000000;\">Etiquetas: #handbike #mountainhandbike #handcycle #offroad-handbikes #MTB #wheelchair #off-road-handbike #gravel-handcycle #offroadhandbike<\/span><\/p>\n<p>[\/et_pb_text][\/et_pb_column][\/et_pb_row][\/et_pb_section][et_pb_section fb_built=\u00bb1&#8243; module_id=\u00bbMajokl4x4&#8243; _builder_version=\u00bb4.27.4&#8243; _module_preset=\u00bbdefault\u00bb background_color=\u00bb#5B675E\u00bb min_height=\u00bb751.8px\u00bb custom_padding=\u00bb50px||9px|||\u00bb global_colors_info=\u00bb{}\u00bb][et_pb_row column_structure=\u00bb1_2,1_2&#8243; _builder_version=\u00bb4.27.4&#8243; _module_preset=\u00bbdefault\u00bb width=\u00bb100%\u00bb animation_style=\u00bbfade\u00bb global_colors_info=\u00bb{}\u00bb][et_pb_column type=\u00bb1_2&#8243; _builder_version=\u00bb4.27.4&#8243; _module_preset=\u00bbdefault\u00bb global_colors_info=\u00bb{}\u00bb][et_pb_text _builder_version=\u00bb4.27.4&#8243; _module_preset=\u00bbdefault\u00bb width=\u00bb100%\u00bb module_alignment=\u00bbcenter\u00bb custom_margin=\u00bb|58px|7px|0px|false|false\u00bb custom_padding=\u00bb0px|0px|0px|40px|false|false\u00bb hover_enabled=\u00bb0&#8243; global_colors_info=\u00bb{}\u00bb sticky_enabled=\u00bb0&#8243;]<\/p>\n<h2 style=\"text-align: left;\"><span style=\"color: #ffffff;\">Manul 4&#215;4 &#8211; LA compacta de 4 ruedas \/<br \/>Handbike todoterreno con tracci\u00f3n total<\/span><\/h2>\n<p><span style=\"color: #ffffff;\">\u00bfQu\u00e9 tiene de especial la Offroad Handbike Manul 4\u00d74?<\/span><br \/><span style=\"color: #ffffff;\">\u2022 Tracci\u00f3n total 4\u00d74<\/span><br \/><span style=\"color: #ffffff;\">\u2022 Motor de asistencia potente: <a href=\"https:\/\/www.oli-ebike.com\/products\/sport\/\" target=\"_blank\" rel=\"noopener\" title=\"Motor Oli Sport Plus\">Oli Sport Plus | 85 Nm<\/a><br \/><\/span><span style=\"color: #ffffff;\">\u2022 Pedelec sin <\/span><span style=\"color: #ffffff;\">homologaci\u00f3n ni permiso de conducir<\/span><br \/><span style=\"color: #ffffff;\">\u2022 Capacidad extrema para todoterreno y escalada superior al 40 %<br \/><\/span><span style=\"color: #ffffff;\">\u2022 &#8230;gracias a 24 marchas finamente ajustadas<\/span><br \/><span style=\"color: #ffffff;\">\u2022 F\u00e1cil acceso sin ayuda externa<\/span><br \/><span style=\"color: #ffffff;\">\u2022 M\u00e1xima estabilidad antivuelco<\/span><br \/><span style=\"color: #ffffff;\">\u2022 Posibilidad de llevar la silla de ruedas en el veh\u00edculo<\/span><br \/><span style=\"color: #ffffff;\">\u2022 Se puede cargar en un coche sin ayuda externa<\/span><br \/><span style=\"color: #ffffff;\">\u2022 El tama\u00f1o compacto (cabe por las puertas de casas y apartamentos)<\/span><br \/><span style=\"color: #ffffff;\">\u2022 Supera bordillos y escalones con facilidad<\/span><br \/><span style=\"color: #ffffff;\">\u2022 Adaptaci\u00f3n individual del veh\u00edculo en nuestro taller especializado<\/span><br \/><span style=\"color: #ffffff;\">\u2022 Fabricaci\u00f3n y desarrollo en la Alta Baviera<\/span><\/p>\n<p><span style=\"color: #ffffff;\">Datos t\u00e9cnicos<\/span><br \/><span style=\"color: #ffffff;\">\u2022 Dimensiones de transporte: 160x79x75 cm (LxAxA)<\/span><br \/><span style=\"color: #ffffff;\">\u2022 Velocidad: Motor asistido hasta 25 km\/h<br \/><\/span><span style=\"color: #ffffff;\">\u2022 Autonom\u00eda de la bater\u00eda: aprox. 55 km o 1000 metros de altitud por bater\u00eda<br \/><\/span><span style=\"color: #ffffff;\">\u2022 Se puede montar una 2.\u00aa bater\u00eda en el veh\u00edculo<\/span><br \/><span style=\"color: #ffffff;\">\u2022 Transmisi\u00f3n: <a href=\"https:\/\/pinion.eu\/c-linie\/\" target=\"_blank\" rel=\"noopener\" title=\"Caja de cambios Pinion C1.12\">Pinion C1.12<\/a><\/span><span style=\"color: #ffffff;\"><br \/><\/span><span style=\"color: #ffffff;\"><\/span><\/p>\n<p style=\"text-align: left;\"><span style=\"color: #ffffff;\">Palabras clave: Handbike de tracci\u00f3n total | Handquad Bike | Handcycle 4WD | Bicicleta para silla de ruedas | Rollstuhl-Fahrrad | Bicicleta de 4 ruedas<br \/>Etiquetas: #handbike #MTB #rollstuhlbike #mountainbike-handcycle<br \/>#offroadhandcycle #mtb #wheelchair-handbike #handquad<br \/>#4wheel #allrad<\/span><\/p>\n<p style=\"text-align: left;\">[\/et_pb_text][\/et_pb_column][et_pb_column type=\u00bb1_2&#8243; _builder_version=\u00bb4.27.4&#8243; _module_preset=\u00bbdefault\u00bb global_colors_info=\u00bb{}\u00bb][et_pb_image src=\u00bbhttps:\/\/tretzeug.de\/wp-content\/uploads\/2024\/04\/manul-4&#215;4-allrad-handbike-offroad-wheelchair-mountainbike-handquad032.jpg\u00bb alt=\u00bbDreizinnen con la Handcycle MTB Manul 4&#215;4&#8243; title_text=\u00bbmanul-4&#215;4-allrad-handbike-offroad-wheelchair-mountainbike-handquad032&#8243; _builder_version=\u00bb4.27.4&#8243; _module_preset=\u00bbdefault\u00bb width=\u00bb100%\u00bb border_radii=\u00bbon|7px|7px|7px|7px\u00bb global_colors_info=\u00bb{}\u00bb][\/et_pb_image][\/et_pb_column][\/et_pb_row][\/et_pb_section][et_pb_section fb_built=\u00bb1&#8243; _builder_version=\u00bb4.27.4&#8243; _module_preset=\u00bbdefault\u00bb background_color=\u00bb#FFFFFF\u00bb min_height=\u00bb733.6px\u00bb custom_padding=\u00bb0px||30px|||\u00bb global_colors_info=\u00bb{}\u00bb][et_pb_row _builder_version=\u00bb4.27.4&#8243; _module_preset=\u00bbdefault\u00bb global_colors_info=\u00bb{}\u00bb][et_pb_column type=\u00bb4_4&#8243; _builder_version=\u00bb4.27.4&#8243; _module_preset=\u00bbdefault\u00bb global_colors_info=\u00bb{}\u00bb][deg_elastic_gallery gallery_ids=\u00bb2839,2838,2842,2836,2837,2648,2649,2647,2650,2416,2415,2411,2412,2401,2394,2346,2326,2310&#8243; row_height=\u00bb251&#8243; _builder_version=\u00bb4.27.4&#8243; _module_preset=\u00bbdefault\u00bb animation_style=\u00bbfade\u00bb border_radii_image=\u00bbon|5px|5px|5px|5px\u00bb border_radii_pagination=\u00bbon|5px|5px|5px|5px\u00bb border_radii_pagination_active=\u00bbon|5px|5px|5px|5px\u00bb global_colors_info=\u00bb{}\u00bb][\/deg_elastic_gallery][\/et_pb_column][\/et_pb_row][\/et_pb_section][et_pb_section fb_built=\u00bb1&#8243; module_id=\u00bbMajokl4x4&#8243; _builder_version=\u00bb4.27.4&#8243; _module_preset=\u00bbdefault\u00bb background_color=\u00bb#5B675E\u00bb min_height=\u00bb705.8px\u00bb custom_padding=\u00bb50px|||||\u00bb global_colors_info=\u00bb{}\u00bb][et_pb_row column_structure=\u00bb1_2,1_2&#8243; _builder_version=\u00bb4.27.4&#8243; _module_preset=\u00bbdefault\u00bb global_colors_info=\u00bb{}\u00bb][et_pb_column type=\u00bb1_2&#8243; _builder_version=\u00bb4.27.4&#8243; _module_preset=\u00bbdefault\u00bb global_colors_info=\u00bb{}\u00bb][et_pb_image src=\u00bbhttps:\/\/tretzeug.de\/wp-content\/uploads\/2023\/03\/Textnachricht_Kundenfeedback.png\u00bb title_text=\u00bbTextnachricht_Kundenfeedback\u00bb align=\u00bbcenter\u00bb _builder_version=\u00bb4.27.4&#8243; _module_preset=\u00bbdefault\u00bb global_colors_info=\u00bb{}\u00bb][\/et_pb_image][et_pb_image src=\u00bbhttps:\/\/tretzeug.de\/wp-content\/uploads\/2023\/03\/Bergstrasse_Handquad_Manul_4x4_Prototype.jpeg\u00bb title_text=\u00bbBergstra\u00dfe_Handquad_Manul_4x4_Prototype\u00bb _builder_version=\u00bb4.27.4&#8243; _module_preset=\u00bbdefault\u00bb border_radii=\u00bbon|7px|7px|7px|7px\u00bb global_colors_info=\u00bb{}\u00bb][\/et_pb_image][\/et_pb_column][et_pb_column type=\u00bb1_2&#8243; _builder_version=\u00bb4.27.4&#8243; _module_preset=\u00bbdefault\u00bb global_colors_info=\u00bb{}\u00bb][et_pb_image src=\u00bbhttps:\/\/tretzeug.de\/wp-content\/uploads\/2024\/06\/Tobias3Zinnen.jpg\u00bb title_text=\u00bbTobias3Zinnen\u00bb _builder_version=\u00bb4.27.4&#8243; _module_preset=\u00bbdefault\u00bb border_radii=\u00bbon|15px|15px|15px|15px\u00bb global_colors_info=\u00bb{}\u00bb][\/et_pb_image][et_pb_image src=\u00bbhttps:\/\/tretzeug.de\/wp-content\/uploads\/2024\/06\/20240617_124646.jpg\u00bb alt=\u00bbHandbike todoterreno en los Dolomitas\u00bb title_text=\u00bbTbias con el handbike todoterreno delante de las Dreizinnen\u00bb _builder_version=\u00bb4.27.4&#8243; _module_preset=\u00bbdefault\u00bb border_radii=\u00bbon|7px|7px|7px|7px\u00bb global_colors_info=\u00bb{}\u00bb][\/et_pb_image][\/et_pb_column][\/et_pb_row][\/et_pb_section][et_pb_section fb_built=\u00bb1&#8243; _builder_version=\u00bb4.27.4&#8243; _module_preset=\u00bbdefault\u00bb global_colors_info=\u00bb{}\u00bb][et_pb_row _builder_version=\u00bb4.27.4&#8243; _module_preset=\u00bbdefault\u00bb global_colors_info=\u00bb{}\u00bb][et_pb_column type=\u00bb4_4&#8243; _builder_version=\u00bb4.27.4&#8243; _module_preset=\u00bbdefault\u00bb global_colors_info=\u00bb{}\u00bb][et_pb_video src=\u00bbhttps:\/\/youtu.be\/s9Pkw0UvDjI?si=p_IpoNy1u4UBj2UO\u00bb _builder_version=\u00bb4.27.4&#8243; _module_preset=\u00bbdefault\u00bb border_radii=\u00bbon|7px|7px|7px|7px\u00bb global_colors_info=\u00bb{}\u00bb][\/et_pb_video][\/et_pb_column][\/et_pb_row][\/et_pb_section]<\/p>\n","protected":false},"excerpt":{"rendered":"<p>Manul 4&#215;4 &#8211; LA Handquad #offroadhandbike #Allradhandbike #mtbhandcycleManul 4&#215;4 \u2013 LA Handquad todoterreno Mu\u00e9vete sin l\u00edmites.Bordillos, caminos con ra\u00edces o cuestas empinadas: los obst\u00e1culos que antes te cerraban el paso se transforman de repente en puro placer de conducci\u00f3n. Con la Manul 4\u00d74 Offroad-Handbike, la libertad se experimenta de una forma nueva: sube por pendientes [&hellip;]<\/p>\n","protected":false},"author":1,"featured_media":0,"parent":0,"menu_order":0,"comment_status":"closed","ping_status":"closed","template":"","meta":{"_et_pb_use_builder":"on","_et_pb_old_content":"","_et_gb_content_width":"","footnotes":""},"class_list":["post-4220","page","type-page","status-publish","hentry"],"_links":{"self":[{"href":"https:\/\/tretzeug.de\/es\/wp-json\/wp\/v2\/pages\/4220","targetHints":{"allow":["GET"]}}],"collection":[{"href":"https:\/\/tretzeug.de\/es\/wp-json\/wp\/v2\/pages"}],"about":[{"href":"https:\/\/tretzeug.de\/es\/wp-json\/wp\/v2\/types\/page"}],"author":[{"embeddable":true,"href":"https:\/\/tretzeug.de\/es\/wp-json\/wp\/v2\/users\/1"}],"replies":[{"embeddable":true,"href":"https:\/\/tretzeug.de\/es\/wp-json\/wp\/v2\/comments?post=4220"}],"version-history":[{"count":13,"href":"https:\/\/tretzeug.de\/es\/wp-json\/wp\/v2\/pages\/4220\/revisions"}],"predecessor-version":[{"id":4345,"href":"https:\/\/tretzeug.de\/es\/wp-json\/wp\/v2\/pages\/4220\/revisions\/4345"}],"wp:attachment":[{"href":"https:\/\/tretzeug.de\/es\/wp-json\/wp\/v2\/media?parent=4220"}],"curies":[{"name":"wp","href":"https:\/\/api.w.org\/{rel}","templated":true}]}}