{"id":4208,"date":"2025-09-30T22:13:35","date_gmt":"2025-09-30T20:13:35","guid":{"rendered":"https:\/\/tretzeug.de\/faltquad-majokl-4x4-la-bicicleta-reclinada-plegable-todoterreno-para-viajes\/"},"modified":"2025-11-25T15:54:34","modified_gmt":"2025-11-25T14:54:34","slug":"faltquad-majokl-4x4-la-bicicleta-reclinada-plegable-todoterreno-para-viajes","status":"publish","type":"page","link":"https:\/\/tretzeug.de\/es\/faltquad-majokl-4x4-la-bicicleta-reclinada-plegable-todoterreno-para-viajes\/","title":{"rendered":"Plegable 4WD Quad Majokl 4&#215;4"},"content":{"rendered":"<p>[et_pb_section fb_built=\u00bb1&#8243; _builder_version=\u00bb4.27.4&#8243; _module_preset=\u00bbdefault\u00bb background_image=\u00bbhttps:\/\/tretzeug.de\/wp-content\/uploads\/2025\/11\/Majokl4x4-Foldable-Allrad-Quad-Offroad-Pedelec-4wheelsbike-Recumbent-MTB001.jpg\u00bb custom_padding=\u00bb||70px|||\u00bb global_colors_info=\u00bb{}\u00bb][et_pb_row _builder_version=\u00bb4.27.4&#8243; _module_preset=\u00bbdefault\u00bb custom_margin=\u00bb-2px|auto||auto||\u00bb global_colors_info=\u00bb{}\u00bb][et_pb_column type=\u00bb4_4&#8243; _builder_version=\u00bb4.27.4&#8243; _module_preset=\u00bbdefault\u00bb global_colors_info=\u00bb{}\u00bb][et_pb_divider show_divider=\u00bboff\u00bb admin_label=\u00bbTeiler\u00bb _builder_version=\u00bb4.27.4&#8243; _module_preset=\u00bbdefault\u00bb min_height=\u00bb193.8px\u00bb custom_padding=\u00bb||0px|||\u00bb global_colors_info=\u00bb{}\u00bb][\/et_pb_divider][\/et_pb_column][\/et_pb_row][et_pb_row _builder_version=\u00bb4.27.4&#8243; _module_preset=\u00bbdefault\u00bb custom_padding=\u00bb|||12px|false|false\u00bb global_colors_info=\u00bb{}\u00bb][et_pb_column type=\u00bb4_4&#8243; _builder_version=\u00bb4.27.4&#8243; _module_preset=\u00bbdefault\u00bb global_colors_info=\u00bb{}\u00bb][et_pb_divider show_divider=\u00bboff\u00bb admin_label=\u00bbTeiler\u00bb _builder_version=\u00bb4.27.4&#8243; _module_preset=\u00bbdefault\u00bb min_height=\u00bb93.8px\u00bb custom_padding=\u00bb||20px|||\u00bb global_colors_info=\u00bb{}\u00bb][\/et_pb_divider][et_pb_text _builder_version=\u00bb4.27.4&#8243; _module_preset=\u00bbdefault\u00bb text_text_color=\u00bb#FFFFFF\u00bb background_color=\u00bbrgba(131,146,135,0.58)\u00bb width=\u00bb93.7%\u00bb custom_margin=\u00bb|24px|8px|||\u00bb custom_padding=\u00bb11px||7px|0px||\u00bb box_shadow_style=\u00bbpreset1&#8243; box_shadow_spread=\u00bb14px\u00bb global_colors_info=\u00bb{}\u00bb]<\/p>\n<h3 style=\"text-align: center;\"><strong><span style=\"color: #ffffff;\">  Majokl 4&#215;4 &#8211; El quad plegable con tracci\u00f3n total #travelbike #bikepacking #mtbquad<\/span><\/strong><\/h3>\n<p>[\/et_pb_text][\/et_pb_column][\/et_pb_row][\/et_pb_section][et_pb_section fb_built=\u00bb1&#8243; module_id=\u00bbManul4x4&#8243; _builder_version=\u00bb4.27.4&#8243; _module_preset=\u00bbdefault\u00bb background_color=\u00bb#FFFFFF\u00bb min_height=\u00bb851.1px\u00bb custom_padding=\u00bb30px||0px||false|false\u00bb global_colors_info=\u00bb{}\u00bb][et_pb_row column_structure=\u00bb1_2,1_2&#8243; _builder_version=\u00bb4.27.4&#8243; _module_preset=\u00bbdefault\u00bb width=\u00bb100%\u00bb max_width=\u00bb2560px\u00bb min_height=\u00bb749.1px\u00bb custom_margin=\u00bb|auto|169px|auto||\u00bb animation_style=\u00bbfade\u00bb global_colors_info=\u00bb{}\u00bb][et_pb_column type=\u00bb1_2&#8243; _builder_version=\u00bb4.27.4&#8243; _module_preset=\u00bbdefault\u00bb global_colors_info=\u00bb{}\u00bb][et_pb_image src=\u00bbhttps:\/\/tretzeug.de\/wp-content\/uploads\/2025\/11\/Majokl4x4-Offroad-Quadbike-Pedelec-Quadvelo-Recumbent004.jpg\u00bb title_text=\u00bbMajokl4x4-Offroad-Quadbike-Pedelec-Quadvelo-Recumbent004&#8243; _builder_version=\u00bb4.27.4&#8243; _module_preset=\u00bbdefault\u00bb width=\u00bb100%\u00bb border_radii=\u00bbon|7px|7px|7px|7px\u00bb global_colors_info=\u00bb{}\u00bb][\/et_pb_image][\/et_pb_column][et_pb_column type=\u00bb1_2&#8243; _builder_version=\u00bb4.27.4&#8243; _module_preset=\u00bbdefault\u00bb global_colors_info=\u00bb{}\u00bb][et_pb_divider show_divider=\u00bboff\u00bb _builder_version=\u00bb4.27.4&#8243; _module_preset=\u00bbdefault\u00bb min_height=\u00bb40px\u00bb global_colors_info=\u00bb{}\u00bb][\/et_pb_divider][et_pb_text _builder_version=\u00bb4.27.4&#8243; _module_preset=\u00bbdefault\u00bb width=\u00bb80.3%\u00bb min_height=\u00bb323.4px\u00bb custom_margin=\u00bb|58px|-4px||false|false\u00bb custom_padding=\u00bb||0px|40px|false|false\u00bb link_option_url=\u00bb#Kontakt\u00bb hover_enabled=\u00bb0&#8243; global_colors_info=\u00bb{}\u00bb sticky_enabled=\u00bb0&#8243;]<\/p>\n<h2><span style=\"color: #000000;\">Majokl 4&#215;4 \u2013 El quad plegable con tracci\u00f3n total<\/span><\/h2>\n<p><span style=\"color: #000000;\">Las posibilidades de uso del Majokl 4\u00d74 son pr\u00e1cticamente ilimitadas. El Faltquad Majokl 4\u00d74 es el veh\u00edculo perfecto para todo el a\u00f1o, ya sea para el ocio, los viajes o el d\u00eda a d\u00eda. <\/span><\/p>\n<p><span style=\"color: #000000;\">No importa si quieres hacer rutas de monta\u00f1a con \u00e9l o simplemente superar terrenos accidentados como arena, grava o nieve, la tracci\u00f3n total te lleva a todas partes. La bicicleta te da una sensaci\u00f3n absoluta de ligereza l\u00fadica en viajes con mucho equipaje e incluso con remolque. <\/span><\/p>\n<p><span style=\"color: #000000;\">Por supuesto, tambi\u00e9n es el veh\u00edculo perfecto para el d\u00eda a d\u00eda para ir al trabajo o para hacer compras semanales pesadas.<\/span><\/p>\n<p><span style=\"color: #000000;\">Si ya no puedes caminar tan bien, estaremos encantados de montarte un soporte para una silla de ruedas, muletas o un andador en la parte trasera del veh\u00edculo.<\/span><\/p>\n<p><span style=\"color: #000000;\">La bicicleta con tracci\u00f3n total es compacta e incluso plegable, y se puede transportar incluso en un coche peque\u00f1o.<\/span><span style=\"color: #000000;\"><\/span><\/p>\n<p><span style=\"color: #000000;\">Palabras clave: <span>Bicicleta cu\u00e1druple | Quad 4&#215;4 | Quad plegable | 4rad | Bicicleta reclinada todoterreno<\/span><\/span><\/p>\n<p><span style=\"color: #000000;\">Etiquetas: #offroadrecumbent #mtb #bikepacking #travelbike #travelrecumbent #gel\u00e4ndeliegerad #reiserad #quad #quadbike #quadrad #4wheel #recumbent-mtb<br \/><\/span><\/p>\n<p>[\/et_pb_text][\/et_pb_column][\/et_pb_row][\/et_pb_section][et_pb_section fb_built=\u00bb1&#8243; module_id=\u00bbMajokl4x4&#8243; _builder_version=\u00bb4.27.4&#8243; _module_preset=\u00bbdefault\u00bb background_color=\u00bb#5B675E\u00bb min_height=\u00bb751.8px\u00bb custom_margin=\u00bb||-83px|||\u00bb custom_padding=\u00bb30px||30px||true|false\u00bb global_colors_info=\u00bb{}\u00bb][et_pb_row column_structure=\u00bb1_2,1_2&#8243; _builder_version=\u00bb4.27.4&#8243; _module_preset=\u00bbdefault\u00bb width=\u00bb100%\u00bb animation_style=\u00bbfade\u00bb global_colors_info=\u00bb{}\u00bb][et_pb_column type=\u00bb1_2&#8243; _builder_version=\u00bb4.27.4&#8243; _module_preset=\u00bbdefault\u00bb global_colors_info=\u00bb{}\u00bb][et_pb_text _builder_version=\u00bb4.27.4&#8243; _module_preset=\u00bbdefault\u00bb width=\u00bb100%\u00bb custom_margin=\u00bb|23px|7px|0px|false|false\u00bb custom_padding=\u00bb0px||0px|40px|false|false\u00bb hover_enabled=\u00bb0&#8243; global_colors_info=\u00bb{}\u00bb sticky_enabled=\u00bb0&#8243;]<\/p>\n<h2 style=\"text-align: left;\"><span style=\"color: #ffffff;\">Majokl 4&#215;4 &#8211; EL quad plegable con tracci\u00f3n total<\/span><\/h2>\n<p style=\"text-align: left;\"><span style=\"color: #ffffff;\">\u00bfQu\u00e9 tiene de especial el quad plegable todoterreno?<\/span><\/p>\n<p> <span style=\"color: #ffffff;\">\u2022 Tracci\u00f3n total 4\u00d74<\/span><br \/><span style=\"color: #ffffff;\">\u2022 Motor de asistencia potente: <a href=\"https:\/\/www.oli-ebike.com\/products\/sport\/\" target=\"_blank\" rel=\"noopener\" title=\"Motor Oli Sport Plus\">Oli Sport Plus | 85 Nm<\/a><\/span><br \/><span style=\"color: #ffffff;\">\u2022 Pedelec sin necesidad de matriculaci\u00f3n ni carnet de conducir<\/span><br \/><span style=\"color: #ffffff;\">\u2022 Capacidad extrema para todoterreno y escalada (m\u00e1s del 40%)<\/span><br \/><span style=\"color: #ffffff;\">\u2022 Cambio de marchas de alta calidad (conmutable en parado)<\/span><br \/><span style=\"color: #ffffff;\">\u2022 Superficie de carga variable: placa\/ba\u00f1era\/Eurobox<\/span><br \/><span style=\"color: #ffffff;\">\u2022 M\u00e1xima estabilidad antivuelco<\/span><br \/><span style=\"color: #ffffff;\">\u2022 Posibilidad de llevar una silla de ruedas en el veh\u00edculo<\/span><br \/><span style=\"color: #ffffff;\">\u2022 F\u00e1cil de cargar en un coche<\/span><br \/><span style=\"color: #ffffff;\">\u2022 Tama\u00f1o compacto<\/span><br \/><span style=\"color: #ffffff;\">\u2022 Supera bordillos y escalones con facilidad<\/span><br \/><span style=\"color: #ffffff;\">\u2022 Adaptaci\u00f3n individual del veh\u00edculo en nuestro taller especializado<\/span><br \/><span style=\"color: #ffffff;\">\u2022 Fabricaci\u00f3n y desarrollo en la Alta Baviera<br \/><\/span><span style=\"color: #ffffff; font-size: 14px;\"><br \/>Datos t\u00e9cnicos:<br \/><\/span><span style=\"color: #ffffff;\"><\/span><span style=\"color: #ffffff;\">\u2022 Dimensiones en funcionamiento: 187x83x85 cm (LxAxA)<br \/>\u2022 <\/span><span style=\"color: #ffffff;\">Dimensiones de transporte plegado: 144x83x55 cm (LxAxA)<\/span><br \/><span style=\"color: #ffffff;\">\u2022 Velocidad: Motor asiste hasta 25 km\/h<\/span><br \/><span style=\"color: #ffffff;\">\u2022 Autonom\u00eda de la bater\u00eda aprox. 60 km<\/span><br \/><span style=\"color: #ffffff;\">\u2022 Transmisi\u00f3n: <a href=\"https:\/\/www.3x3.bike\/system\/\" target=\"_blank\" rel=\"noopener\" title=\"3x3 Nine\">3&#215;3 Nine<\/a><\/span><\/p>\n<p><span style=\"color: #ffffff;\">Palabras clave: Bicicleta de 4 ruedas | Ciclo cu\u00e1druple | Bicicleta reclinada plegable | 4rad | Bicicleta reclinada todoterreno<\/span><\/p>\n<p><span style=\"color: #ffffff;\">Etiquetas: #offroadrecumbent #mtbquad #bikepacking #travelbike #travelrecumbent #gel\u00e4ndeliegerad #reiserad #quad #quadbike #quadrad #4wheel #recumbent-mtb<\/span><\/p>\n<p>[\/et_pb_text][\/et_pb_column][et_pb_column type=\u00bb1_2&#8243; _builder_version=\u00bb4.27.4&#8243; _module_preset=\u00bbdefault\u00bb global_colors_info=\u00bb{}\u00bb][et_pb_image src=\u00bbhttps:\/\/tretzeug.de\/wp-content\/uploads\/2025\/11\/Majokl4x4-Offroad-Elektro-Quad-Pedelec-Liegerad008.jpg\u00bb alt=\u00bbDreizinnen con la Handcycle MTB Manul 4&#215;4&#8243; title_text=\u00bbMajokl4x4-Offroad-Elektro-Quad-Pedelec-Liegerad008&#8243; _builder_version=\u00bb4.27.4&#8243; _module_preset=\u00bbdefault\u00bb width=\u00bb100%\u00bb border_radii=\u00bbon|7px|7px|7px|7px\u00bb global_colors_info=\u00bb{}\u00bb][\/et_pb_image][\/et_pb_column][\/et_pb_row][\/et_pb_section][et_pb_section fb_built=\u00bb1&#8243; _builder_version=\u00bb4.27.4&#8243; _module_preset=\u00bbdefault\u00bb background_color=\u00bb#FFFFFF\u00bb min_height=\u00bb601.6px\u00bb custom_margin=\u00bb75px|||||\u00bb custom_padding=\u00bb50px|||||\u00bb global_colors_info=\u00bb{}\u00bb][et_pb_row _builder_version=\u00bb4.27.4&#8243; _module_preset=\u00bbdefault\u00bb global_colors_info=\u00bb{}\u00bb][et_pb_column type=\u00bb4_4&#8243; _builder_version=\u00bb4.27.4&#8243; _module_preset=\u00bbdefault\u00bb global_colors_info=\u00bb{}\u00bb][deg_elastic_gallery gallery_ids=\u00bb4050,4012,3551,3566,4047,4046,4038,4039,4040,4020,4033,3563,3977,4027,4023,3971,4044,4032,3560,4034,4035,4036,4005,4008,4028,4029,4019,3997,3992,3974,4025,4003,3981,3984,3983&#8243; row_height=\u00bb251&#8243; _builder_version=\u00bb4.27.4&#8243; _module_preset=\u00bbdefault\u00bb animation_style=\u00bbfade\u00bb border_radii_image=\u00bbon|5px|5px|5px|5px\u00bb border_radii_pagination=\u00bbon|5px|5px|5px|5px\u00bb border_radii_pagination_active=\u00bbon|5px|5px|5px|5px\u00bb global_colors_info=\u00bb{}\u00bb][\/deg_elastic_gallery][\/et_pb_column][\/et_pb_row][\/et_pb_section]<\/p>\n","protected":false},"excerpt":{"rendered":"<p>Majokl 4&#215;4 &#8211; El quad plegable con tracci\u00f3n total #travelbike #bikepacking #mtbquadMajokl 4&#215;4 \u2013 El quad plegable con tracci\u00f3n total Las posibilidades de uso del Majokl 4\u00d74 son pr\u00e1cticamente ilimitadas. El Faltquad Majokl 4\u00d74 es el veh\u00edculo perfecto para todo el a\u00f1o, ya sea para el ocio, los viajes o el d\u00eda a d\u00eda. No [&hellip;]<\/p>\n","protected":false},"author":1,"featured_media":0,"parent":0,"menu_order":0,"comment_status":"closed","ping_status":"closed","template":"","meta":{"_et_pb_use_builder":"on","_et_pb_old_content":"","_et_gb_content_width":"","footnotes":""},"class_list":["post-4208","page","type-page","status-publish","hentry"],"_links":{"self":[{"href":"https:\/\/tretzeug.de\/es\/wp-json\/wp\/v2\/pages\/4208","targetHints":{"allow":["GET"]}}],"collection":[{"href":"https:\/\/tretzeug.de\/es\/wp-json\/wp\/v2\/pages"}],"about":[{"href":"https:\/\/tretzeug.de\/es\/wp-json\/wp\/v2\/types\/page"}],"author":[{"embeddable":true,"href":"https:\/\/tretzeug.de\/es\/wp-json\/wp\/v2\/users\/1"}],"replies":[{"embeddable":true,"href":"https:\/\/tretzeug.de\/es\/wp-json\/wp\/v2\/comments?post=4208"}],"version-history":[{"count":14,"href":"https:\/\/tretzeug.de\/es\/wp-json\/wp\/v2\/pages\/4208\/revisions"}],"predecessor-version":[{"id":4339,"href":"https:\/\/tretzeug.de\/es\/wp-json\/wp\/v2\/pages\/4208\/revisions\/4339"}],"wp:attachment":[{"href":"https:\/\/tretzeug.de\/es\/wp-json\/wp\/v2\/media?parent=4208"}],"curies":[{"name":"wp","href":"https:\/\/api.w.org\/{rel}","templated":true}]}}