{"id":4160,"date":"2019-03-25T07:48:51","date_gmt":"2019-03-25T06:48:51","guid":{"rendered":"https:\/\/tretzeug.de\/inicio-handbikes-todoterreno-y-bicicletas-reclinadas-plegables-todoterreno-4-ruedas-con-traccion-total\/"},"modified":"2025-11-25T11:14:04","modified_gmt":"2025-11-25T10:14:04","slug":"inicio-handbikes-todoterreno-y-bicicletas-reclinadas-plegables-todoterreno-4-ruedas-con-traccion-total","status":"publish","type":"page","link":"https:\/\/tretzeug.de\/es\/","title":{"rendered":"Home"},"content":{"rendered":"<p>[et_pb_section fb_built=\u00bb1&#8243; _builder_version=\u00bb4.27.4&#8243; _module_preset=\u00bbdefault\u00bb background_image=\u00bbhttps:\/\/tretzeug.de\/wp-content\/uploads\/2024\/05\/Tretzeug_Manul4x4_Bild1.jpg\u00bb global_colors_info=\u00bb{}\u00bb][et_pb_row _builder_version=\u00bb4.27.4&#8243; _module_preset=\u00bbdefault\u00bb custom_margin=\u00bb-2px|auto||auto||\u00bb global_colors_info=\u00bb{}\u00bb][et_pb_column type=\u00bb4_4&#8243; _builder_version=\u00bb4.27.4&#8243; _module_preset=\u00bbdefault\u00bb global_colors_info=\u00bb{}\u00bb][et_pb_divider show_divider=\u00bboff\u00bb admin_label=\u00bbTeiler\u00bb _builder_version=\u00bb4.27.4&#8243; _module_preset=\u00bbdefault\u00bb min_height=\u00bb337.8px\u00bb custom_padding=\u00bb||208px|||\u00bb global_colors_info=\u00bb{}\u00bb][\/et_pb_divider][\/et_pb_column][\/et_pb_row][et_pb_row _builder_version=\u00bb4.27.4&#8243; _module_preset=\u00bbdefault\u00bb custom_margin=\u00bb-102px|auto||auto||\u00bb custom_padding=\u00bb|||12px|false|false\u00bb global_colors_info=\u00bb{}\u00bb][et_pb_column type=\u00bb4_4&#8243; _builder_version=\u00bb4.27.4&#8243; _module_preset=\u00bbdefault\u00bb global_colors_info=\u00bb{}\u00bb][et_pb_divider show_divider=\u00bboff\u00bb admin_label=\u00bbTeiler\u00bb _builder_version=\u00bb4.27.4&#8243; _module_preset=\u00bbdefault\u00bb custom_padding=\u00bb||143px|||\u00bb global_colors_info=\u00bb{}\u00bb][\/et_pb_divider][et_pb_text _builder_version=\u00bb4.27.4&#8243; _module_preset=\u00bbdefault\u00bb text_text_color=\u00bb#FFFFFF\u00bb background_color=\u00bbrgba(131,146,135,0.58)\u00bb width=\u00bb93.7%\u00bb custom_margin=\u00bb|24px|8px|||\u00bb custom_padding=\u00bb11px||20px|0px||\u00bb box_shadow_style=\u00bbpreset1&#8243; box_shadow_spread=\u00bb14px\u00bb global_colors_info=\u00bb{}\u00bb]<\/p>\n<h3 style=\"text-align: center;\"><strong><span style=\"color: rgba(255, 255, 255, 0.86); font-size: small;\">  Handbikes todoterreno | Handcycles | Handbikes de monta\u00f1a | Quads plegables | Bicicletas de 4 ruedas | Veh\u00edculos para todo el a\u00f1o<br \/>Bicicletas para el ocio, los viajes y el d\u00eda a d\u00eda. Con tracci\u00f3n total y espacio para mucho equipaje. #BicicletaParaDarLaVueltaAlMundo #Bikepacking #QuadConTraccionTotal <\/span><\/strong><\/h3>\n<p>[\/et_pb_text][\/et_pb_column][\/et_pb_row][\/et_pb_section][et_pb_section fb_built=\u00bb1&#8243; module_id=\u00bbManul4x4&#8243; _builder_version=\u00bb4.27.4&#8243; _module_preset=\u00bbdefault\u00bb background_color=\u00bb#FFFFFF\u00bb custom_padding=\u00bb50px|||||\u00bb global_colors_info=\u00bb{}\u00bb][et_pb_row column_structure=\u00bb1_2,1_2&#8243; _builder_version=\u00bb4.27.4&#8243; _module_preset=\u00bbdefault\u00bb width=\u00bb100%\u00bb max_width=\u00bb2560px\u00bb animation_style=\u00bbfade\u00bb global_colors_info=\u00bb{}\u00bb][et_pb_column type=\u00bb1_2&#8243; _builder_version=\u00bb4.27.4&#8243; _module_preset=\u00bbdefault\u00bb global_colors_info=\u00bb{}\u00bb][et_pb_image src=\u00bbhttps:\/\/tretzeug.de\/wp-content\/uploads\/2024\/05\/Tretzeug_Manul4x4_Bild3.jpg\u00bb title_text=\u00bbTretzeug_Manul4x4_Bild3&#8243; url=\u00bbhttps:\/\/tretzeug.de\/es\/handquad-manul-4&#215;4-la-handbike-todoterreno-la-mtb-handcycle-puede-subir-una-inclinacion-de-40\/\u00bb _builder_version=\u00bb4.27.4&#8243; _module_preset=\u00bbdefault\u00bb width=\u00bb684px\u00bb custom_padding=\u00bb|4px||||\u00bb border_radii=\u00bbon|7px|7px|7px|7px\u00bb global_colors_info=\u00bb{}\u00bb][\/et_pb_image][\/et_pb_column][et_pb_column type=\u00bb1_2&#8243; _builder_version=\u00bb4.27.4&#8243; _module_preset=\u00bbdefault\u00bb global_colors_info=\u00bb{}\u00bb][et_pb_divider show_divider=\u00bboff\u00bb _builder_version=\u00bb4.27.4&#8243; _module_preset=\u00bbdefault\u00bb min_height=\u00bb40px\u00bb global_colors_info=\u00bb{}\u00bb][\/et_pb_divider][et_pb_text _builder_version=\u00bb4.27.4&#8243; _module_preset=\u00bbdefault\u00bb min_height=\u00bb323.4px\u00bb custom_margin=\u00bb|58px|7px|40px|false|false\u00bb custom_padding=\u00bb||0px|26px|false|false\u00bb link_option_url=\u00bbhttps:\/\/tretzeug.de\/es\/handquad-manul-4&#215;4-la-handbike-todoterreno-la-mtb-handcycle-puede-subir-una-inclinacion-de-40\/\u00bb global_colors_info=\u00bb{}\u00bb]<\/p>\n<h2><span style=\"color: #000000;\">Manul 4&#215;4 \u2013 EL Handquad<\/span><\/h2>\n<p><span style=\"color: #000000;\">HANDBIKE TODOTERRENO: Para los usuarios de sillas de ruedas, los bordillos, los escalones, los caminos con ra\u00edces, las playas de arena y los senderos de monta\u00f1a suelen ser infranqueables. Tretzeug GmbH tiene la soluci\u00f3n para estos problemas. El handbike todoterreno Manul 4&#215;4 supera estos retos con facilidad deportiva. Supera pendientes de m\u00e1s del 40 % y puede subir por donde otros solo pueden bajar. Adem\u00e1s, se puede llevar la silla de ruedas en la bici y, como handbiker, volver a entrar en un restaurante o cafeter\u00eda.    <\/span><\/p>\n<p><span style=\"color: #000000;\">Palabras clave: Quad Handbike | Quad de mano | Handcycle | Bicicleta para silla de ruedas | Bicicleta para discapacitados <br \/>Etiquetas: #handbike #mountainhandbike #handcycle #offroad-handbikes #MTB #wheelchair #off-road-handbike #gravel-handcycle #offroadhandbike<\/span><\/p>\n<p>[\/et_pb_text][\/et_pb_column][\/et_pb_row][\/et_pb_section][et_pb_section fb_built=\u00bb1&#8243; module_id=\u00bbMajokl4x4&#8243; _builder_version=\u00bb4.27.4&#8243; _module_preset=\u00bbdefault\u00bb background_color=\u00bb#5B675E\u00bb min_height=\u00bb540.8px\u00bb custom_padding=\u00bb50px|||||\u00bb global_colors_info=\u00bb{}\u00bb][et_pb_row column_structure=\u00bb1_2,1_2&#8243; _builder_version=\u00bb4.27.4&#8243; _module_preset=\u00bbdefault\u00bb width=\u00bb100%\u00bb animation_style=\u00bbfade\u00bb global_colors_info=\u00bb{}\u00bb][et_pb_column type=\u00bb1_2&#8243; _builder_version=\u00bb4.27.4&#8243; _module_preset=\u00bbdefault\u00bb global_colors_info=\u00bb{}\u00bb][et_pb_text _builder_version=\u00bb4.27.4&#8243; _module_preset=\u00bbdefault\u00bb custom_margin=\u00bb|58px|7px|0px|false|false\u00bb custom_padding=\u00bb||0px|41px|false|false\u00bb link_option_url=\u00bbhttps:\/\/tretzeug.de\/es\/faltquad-majokl-4&#215;4-la-bicicleta-reclinada-plegable-todoterreno-para-viajes\/\u00bb global_colors_info=\u00bb{}\u00bb]<\/p>\n<h2 style=\"text-align: left;\"><span style=\"color: #ffffff;\">Majokl 4&#215;4 &#8211; EL 4WD quad plegable con tracci\u00f3n total <\/span><\/h2>\n<p style=\"text-align: left;\"><span style=\"color: #ffffff;\">Tener que conducir siempre por caminos pavimentados acaba siendo aburrido. \u00bfQu\u00e9 tal si simplemente te sales de la carretera? El quad de tracci\u00f3n total con asistencia de motor no deja nada que desear.<\/span><br \/><span style=\"color: #ffffff;\">Y lo mejor de todo: es plegable y cabe incluso en coches peque\u00f1os.<\/span><\/p>\n<p style=\"text-align: left;\"><span style=\"color: #ffffff;\">Palabras clave: Quad-Bicycle 4WD-Quad Foldable-Quad<br \/>Etiquetas: #4wheelbike #travelbike #wheelchair #MTB<\/span><br \/><span style=\"color: #ffffff;\">#off-roadbike #gravel-quad #folding-quad <\/span> <\/p>\n<p>[\/et_pb_text][\/et_pb_column][et_pb_column type=\u00bb1_2&#8243; _builder_version=\u00bb4.27.4&#8243; _module_preset=\u00bbdefault\u00bb global_colors_info=\u00bb{}\u00bb][et_pb_image src=\u00bbhttps:\/\/tretzeug.de\/wp-content\/uploads\/2025\/11\/Majokl4x4-Faltbares-Allrad-E-Quad-Offroad-Pedelec-4rad-Liegerad009.jpg\u00bb title_text=\u00bbMajokl4x4-Faltbares-Allrad-E-Quad-Offroad-Pedelec-4rad-Liegerad009&#8243; url=\u00bbhttps:\/\/tretzeug.de\/es\/faltquad-majokl-4&#215;4-la-bicicleta-reclinada-plegable-todoterreno-para-viajes\/\u00bb _builder_version=\u00bb4.27.4&#8243; _module_preset=\u00bbdefault\u00bb width=\u00bb800px\u00bb border_radii=\u00bbon|7px|7px|7px|7px\u00bb global_colors_info=\u00bb{}\u00bb][\/et_pb_image][\/et_pb_column][\/et_pb_row][\/et_pb_section][et_pb_section fb_built=\u00bb1&#8243; _builder_version=\u00bb4.27.4&#8243; _module_preset=\u00bbdefault\u00bb background_color=\u00bb#FFFFFF\u00bb global_colors_info=\u00bb{}\u00bb][et_pb_row _builder_version=\u00bb4.27.4&#8243; _module_preset=\u00bbdefault\u00bb global_colors_info=\u00bb{}\u00bb][et_pb_column type=\u00bb4_4&#8243; _builder_version=\u00bb4.27.4&#8243; _module_preset=\u00bbdefault\u00bb global_colors_info=\u00bb{}\u00bb][et_pb_text _builder_version=\u00bb4.27.4&#8243; _module_preset=\u00bbdefault\u00bb background_color=\u00bb#839287&#8243; use_background_color_gradient=\u00bbon\u00bb background_color_gradient_stops=\u00bbrgba(131,146,135,0.48) 73%|#5b675e 100%\u00bb background_enable_image=\u00bboff\u00bb min_height=\u00bb33px\u00bb custom_padding=\u00bb9px||||false|false\u00bb text_text_shadow_style=\u00bbpreset1&#8243; border_radii=\u00bbon|5px|5px|5px|5px\u00bb global_colors_info=\u00bb{}\u00bb]<\/p>\n<h2 style=\"text-align: center;\"><strong><span style=\"color: #ffffff;\">Pr\u00f3ximos eventos<\/span><\/strong><\/h2>\n<p>[\/et_pb_text][\/et_pb_column][\/et_pb_row][et_pb_row column_structure=\u00bb2_5,3_5&#8243; _builder_version=\u00bb4.27.4&#8243; _module_preset=\u00bbdefault\u00bb global_colors_info=\u00bb{}\u00bb][et_pb_column type=\u00bb2_5&#8243; _builder_version=\u00bb4.27.4&#8243; _module_preset=\u00bbdefault\u00bb global_colors_info=\u00bb{}\u00bb][et_pb_text _builder_version=\u00bb4.27.4&#8243; _module_preset=\u00bbdefault\u00bb custom_padding=\u00bb0px||0px|40px|false|false\u00bb link_option_url=\u00bbhttps:\/\/www.spezialradmesse.de\/\u00bb link_option_url_new_window=\u00bbon\u00bb global_colors_info=\u00bb{}\u00bb]<\/p>\n<h2><span style=\"color: #000000;\">SPEZI<\/span><\/h2>\n<p><span style=\"color: #000000;\">Friburgo de Brisgovia <br \/><\/span><span style=\"color: #000000;\">25.04.2026 &#8211; 26.04.2026<\/span><\/p>\n<p>[\/et_pb_text][\/et_pb_column][et_pb_column type=\u00bb3_5&#8243; _builder_version=\u00bb4.27.4&#8243; _module_preset=\u00bbdefault\u00bb global_colors_info=\u00bb{}\u00bb][et_pb_image src=\u00bbhttps:\/\/tretzeug.de\/wp-content\/uploads\/2025\/09\/spezi.jpg\u00bb alt=\u00bbREHACARE 2025&#8243; title_text=\u00bbspezi\u00bb url=\u00bbhttps:\/\/www.spezialradmesse.de\/\u00bb url_new_window=\u00bbon\u00bb _builder_version=\u00bb4.27.4&#8243; _module_preset=\u00bbdefault\u00bb border_radii=\u00bbon|5px|5px|5px|5px\u00bb global_colors_info=\u00bb{}\u00bb][\/et_pb_image][\/et_pb_column][\/et_pb_row][\/et_pb_section][et_pb_section fb_built=\u00bb1&#8243; module_id=\u00bbContacto\u00bb _builder_version=\u00bb4.27.4&#8243; _module_preset=\u00bbdefault\u00bb background_color=\u00bb#5B675E\u00bb global_colors_info=\u00bb{}\u00bb][et_pb_row column_structure=\u00bb1_2,1_2&#8243; _builder_version=\u00bb4.27.4&#8243; _module_preset=\u00bbdefault\u00bb width=\u00bb100%\u00bb animation_style=\u00bbfade\u00bb global_colors_info=\u00bb{}\u00bb][et_pb_column type=\u00bb1_2&#8243; _builder_version=\u00bb4.27.4&#8243; _module_preset=\u00bbdefault\u00bb global_colors_info=\u00bb{}\u00bb][et_pb_divider show_divider=\u00bboff\u00bb _builder_version=\u00bb4.27.4&#8243; _module_preset=\u00bbdefault\u00bb min_height=\u00bb40px\u00bb global_colors_info=\u00bb{}\u00bb][\/et_pb_divider][et_pb_text _builder_version=\u00bb4.27.4&#8243; _module_preset=\u00bbdefault\u00bb custom_margin=\u00bb|||0px|false|false\u00bb custom_padding=\u00bb|||40px|false|false\u00bb global_colors_info=\u00bb{}\u00bb]<\/p>\n<h2><span style=\"color: #ffffff;\">Contacto y direcci\u00f3n<\/span><\/h2>\n<p><span style=\"color: #ffffff;\">La mejor manera de contactarnos es la siguiente:<\/span><\/p>\n<p><span style=\"color: #ffffff;\">Tel\u00e9fono<\/span><br \/><span style=\"color: #ffffff;\">+49 8179 389 78 42<br \/>si no estamos disponibles de inmediato, le devolveremos la llamada con gusto<\/span><\/p>\n<p><span style=\"color: #ffffff;\">M\u00f3vil &#8211; tambi\u00e9n por Telegram o Whatsapp<\/span><br \/><span style=\"color: #ffffff;\">+49 157 925 054 13<\/span><\/p>\n<p><span style=\"color: #ffffff;\">Correo electr\u00f3nico<\/span><br \/><span style=\"color: #ffffff;\">info@tretzeug.de<\/span><\/p>\n<p><span style=\"color: #ffffff;\">Direcci\u00f3n<\/span><br \/><span style=\"color: #ffffff;\">Tretzeug GmbH<\/span><br \/><span style=\"color: #ffffff;\">Bierbichl 13<\/span><br \/><span style=\"color: #ffffff;\">82547 Eurasburg<\/span><\/p>\n<p><span style=\"color: #ffffff;\">Hablamos alem\u00e1n, ingl\u00e9s y espa\u00f1ol.<\/span><\/p>\n<p>[\/et_pb_text][\/et_pb_column][et_pb_column type=\u00bb1_2&#8243; _builder_version=\u00bb4.27.4&#8243; _module_preset=\u00bbdefault\u00bb global_colors_info=\u00bb{}\u00bb][et_pb_image src=\u00bbhttps:\/\/tretzeug.de\/wp-content\/uploads\/2022\/10\/open_streetmap_karte_bierbichl.png\u00bb title_text=\u00bbopen_streetmap_karte_bierbichl\u00bb url=\u00bbhttps:\/\/www.openstreetmap.org\/#map=10\/47.8754\/11.1813&#8243; _builder_version=\u00bb4.27.4&#8243; _module_preset=\u00bbdefault\u00bb width=\u00bb100%\u00bb border_radii=\u00bbon|7px|7px|7px|7px\u00bb global_colors_info=\u00bb{}\u00bb][\/et_pb_image][\/et_pb_column][\/et_pb_row][\/et_pb_section][et_pb_section fb_built=\u00bb1&#8243; _builder_version=\u00bb4.27.4&#8243; _module_preset=\u00bbdefault\u00bb background_color=\u00bb#FFFFFF\u00bb min_height=\u00bb744.6px\u00bb custom_padding=\u00bb50px|||||\u00bb global_colors_info=\u00bb{}\u00bb][et_pb_row column_structure=\u00bb1_2,1_2&#8243; _builder_version=\u00bb4.27.4&#8243; _module_preset=\u00bbdefault\u00bb width=\u00bb100%\u00bb max_width=\u00bb2560px\u00bb min_height=\u00bb708.6px\u00bb animation_style=\u00bbfade\u00bb global_colors_info=\u00bb{}\u00bb][et_pb_column type=\u00bb1_2&#8243; _builder_version=\u00bb4.27.4&#8243; _module_preset=\u00bbdefault\u00bb global_colors_info=\u00bb{}\u00bb][et_pb_image src=\u00bbhttps:\/\/tretzeug.de\/wp-content\/uploads\/2024\/06\/20240617_124646.jpg\u00bb alt=\u00bbHandbike todoterreno en los Dolomitas\u00bb title_text=\u00bbTbias con el handbike todoterreno delante de las Dreizinnen\u00bb _builder_version=\u00bb4.27.4&#8243; _module_preset=\u00bbdefault\u00bb width=\u00bb100%\u00bb border_radii=\u00bbon|7px|7px|7px|7px\u00bb global_colors_info=\u00bb{}\u00bb][\/et_pb_image][\/et_pb_column][et_pb_column type=\u00bb1_2&#8243; _builder_version=\u00bb4.27.4&#8243; _module_preset=\u00bbdefault\u00bb global_colors_info=\u00bb{}\u00bb][et_pb_code _builder_version=\u00bb4.27.4&#8243; _module_preset=\u00bbdefault\u00bb transform_origin=\u00bb-186%|54%\u00bb global_colors_info=\u00bb{}\u00bb]<iframe loading=\"lazy\" width=\"550\" height=\"650\" src=\"https:\/\/c5a4daf7.sibforms.com\/serve\/MUIEAE9eyDp75UDZnOxb4JZmnuHKXQLvPpohsmXpSXCwKU8Zd9o-jQd1B0INr8Rr0NQ31RlKK8DFCmTnSfCgQUbu1it928XNPGBLK3BuD_OrrH1hV9-rj0jWUJC55fNoHq_l6ZxLv-KWHSR7BwfYenKTIrmVD5rIaWFdqunuv2b7Pfk9VpyebpbBO_fAuVhP6w7YZpYtnfqtoMwE\" frameborder=\"0\" scrolling=\"auto\" allowfullscreen=\"\" style=\"display: block;margin-left: auto;margin-right: auto;max-width: 100%;\"><\/iframe>[\/et_pb_code][et_pb_code _builder_version=\u00bb4.27.4&#8243; _module_preset=\u00bbdefault\u00bb global_colors_info=\u00bb{}\u00bb][\/et_pb_code][\/et_pb_column][\/et_pb_row][\/et_pb_section]<\/p>\n","protected":false},"excerpt":{"rendered":"<p>Handbikes todoterreno | Handcycles | Handbikes de monta\u00f1a | Quads plegables | Bicicletas de 4 ruedas | Veh\u00edculos para todo el a\u00f1oBicicletas para el ocio, los viajes y el d\u00eda a d\u00eda. Con tracci\u00f3n total y espacio para mucho equipaje. #BicicletaParaDarLaVueltaAlMundo #Bikepacking #QuadConTraccionTotal Manul 4&#215;4 \u2013 EL Handquad HANDBIKE TODOTERRENO: Para los usuarios de sillas [&hellip;]<\/p>\n","protected":false},"author":1,"featured_media":0,"parent":0,"menu_order":0,"comment_status":"closed","ping_status":"closed","template":"","meta":{"_et_pb_use_builder":"on","_et_pb_old_content":"","_et_gb_content_width":"","footnotes":""},"class_list":["post-4160","page","type-page","status-publish","hentry"],"_links":{"self":[{"href":"https:\/\/tretzeug.de\/es\/wp-json\/wp\/v2\/pages\/4160","targetHints":{"allow":["GET"]}}],"collection":[{"href":"https:\/\/tretzeug.de\/es\/wp-json\/wp\/v2\/pages"}],"about":[{"href":"https:\/\/tretzeug.de\/es\/wp-json\/wp\/v2\/types\/page"}],"author":[{"embeddable":true,"href":"https:\/\/tretzeug.de\/es\/wp-json\/wp\/v2\/users\/1"}],"replies":[{"embeddable":true,"href":"https:\/\/tretzeug.de\/es\/wp-json\/wp\/v2\/comments?post=4160"}],"version-history":[{"count":22,"href":"https:\/\/tretzeug.de\/es\/wp-json\/wp\/v2\/pages\/4160\/revisions"}],"predecessor-version":[{"id":4333,"href":"https:\/\/tretzeug.de\/es\/wp-json\/wp\/v2\/pages\/4160\/revisions\/4333"}],"wp:attachment":[{"href":"https:\/\/tretzeug.de\/es\/wp-json\/wp\/v2\/media?parent=4160"}],"curies":[{"name":"wp","href":"https:\/\/api.w.org\/{rel}","templated":true}]}}