{"id":4124,"date":"2024-04-13T23:48:08","date_gmt":"2024-04-13T21:48:08","guid":{"rendered":"https:\/\/tretzeug.de\/sobre-nosotros\/"},"modified":"2025-11-20T22:40:08","modified_gmt":"2025-11-20T21:40:08","slug":"sobre-nosotros","status":"publish","type":"page","link":"https:\/\/tretzeug.de\/es\/sobre-nosotros\/","title":{"rendered":"Sobre nosotros"},"content":{"rendered":"<p>[et_pb_section fb_built=\u00bb1&#8243; _builder_version=\u00bb4.27.4&#8243; _module_preset=\u00bbdefault\u00bb background_image=\u00bbhttps:\/\/tretzeug.de\/wp-content\/uploads\/2025\/11\/Majokl4x4-Outdoor-E-Quad-Pedelec-Faltquad-Recumbent007a.jpg\u00bb hover_enabled=\u00bb0&#8243; global_colors_info=\u00bb{}\u00bb alt=\u00bbFahrt zwischen Schneew\u00e4nden mit dem Wheelchair-Handbike Manul 4&#215;4&#8243; title_text=\u00bbMajokl4x4-Outdoor-E-Quad-Pedelec-Faltquad-Recumbent007a\u00bb sticky_enabled=\u00bb0&#8243;][et_pb_row _builder_version=\u00bb4.27.4&#8243; _module_preset=\u00bbdefault\u00bb custom_margin=\u00bb-2px|auto||auto||\u00bb global_colors_info=\u00bb{}\u00bb][et_pb_column type=\u00bb4_4&#8243; _builder_version=\u00bb4.27.4&#8243; _module_preset=\u00bbdefault\u00bb global_colors_info=\u00bb{}\u00bb][et_pb_text _builder_version=\u00bb4.27.4&#8243; _module_preset=\u00bbdefault\u00bb text_text_color=\u00bb#FFFFFF\u00bb background_color=\u00bbrgba(131,146,135,0.58)\u00bb width=\u00bb93.7%\u00bb custom_margin=\u00bb|24px|8px|||\u00bb custom_padding=\u00bb11px||20px|0px||\u00bb border_radii=\u00bbon|7px|7px|7px|7px\u00bb box_shadow_style=\u00bbpreset1&#8243; box_shadow_spread=\u00bb14px\u00bb global_colors_info=\u00bb{}\u00bb]<\/p>\n<h3 style=\"text-align: center;\"><span style=\"font-size: large;\"><strong><span style=\"color: rgba(255, 255, 255, 0.86);\"><br \/>Nuestro viaje<\/span><\/strong><\/span><\/h3>\n<p style=\"text-align: center;\"><span style=\"font-size: large;\"><span style=\"color: rgba(255, 255, 255, 0.86);\">Siguiendo la llamada del coraz\u00f3n, Carsten y Markus fundaron Tretzeug GmbH.<br \/>&#8230;y luego, como complemento perfecto, conocieron a los dos <br \/>desarrolladores independientes Peter y Tobias.<\/span><\/span><\/p>\n<p><span style=\"font-size: large;\"><strong><span style=\"color: rgba(255, 255, 255, 0.86);\"><\/span><\/strong><\/span><\/p>\n<p>[\/et_pb_text][\/et_pb_column][\/et_pb_row][\/et_pb_section][et_pb_section fb_built=\u00bb1&#8243; _builder_version=\u00bb4.27.4&#8243; _module_preset=\u00bbdefault\u00bb global_colors_info=\u00bb{}\u00bb][et_pb_row column_structure=\u00bb1_2,1_2&#8243; _builder_version=\u00bb4.27.4&#8243; _module_preset=\u00bbdefault\u00bb global_colors_info=\u00bb{}\u00bb][et_pb_column type=\u00bb1_2&#8243; _builder_version=\u00bb4.27.4&#8243; _module_preset=\u00bbdefault\u00bb global_colors_info=\u00bb{}\u00bb][et_pb_image src=\u00bbhttps:\/\/tretzeug.de\/wp-content\/uploads\/2024\/04\/team.jpg\u00bb title_text=\u00bbequipo\u00bb _builder_version=\u00bb4.27.4&#8243; _module_preset=\u00bbdefault\u00bb border_radii=\u00bbon|5px|5px|5px|5px\u00bb global_colors_info=\u00bb{}\u00bb][\/et_pb_image][\/et_pb_column][et_pb_column type=\u00bb1_2&#8243; _builder_version=\u00bb4.27.4&#8243; _module_preset=\u00bbdefault\u00bb global_colors_info=\u00bb{}\u00bb][et_pb_text _builder_version=\u00bb4.27.4&#8243; _module_preset=\u00bbdefault\u00bb global_colors_info=\u00bb{}\u00bb]<\/p>\n<p><strong>\u00abLibertad sobre cuatro ruedas\u00bb<\/strong><br \/>Aqu\u00ed hay un buen art\u00edculo sobre la historia de la creaci\u00f3n de Tretzeug GmbH:<\/p>\n<p><a href=\"https:\/\/www.sueddeutsche.de\/muenchen\/wolfratshausen\/eurasburg-penzberg-iffeldorf-mobilitaet-menschen-mit-behinderung-radsport-handquad-manul-4x4-tretzeug-1.6196640\" target=\"_blank\" rel=\"noopener\" title=\"Libertad sobre cuatro ruedas...\">https:\/\/www.sueddeutsche.de\/\u2026<\/a><\/p>\n<p><strong>Cambio #Movilidad<\/strong><br \/>\u201cNunca se produce un cambio luchando contra lo existente. Para cambiar algo, se crean cosas nuevas o se toman otros caminos que hagan que lo antiguo sea superfluo.\u201d (Richard Buckminster Fuller)<\/p>\n<p>[\/et_pb_text][\/et_pb_column][\/et_pb_row][\/et_pb_section][et_pb_section fb_built=\u00bb1&#8243; _builder_version=\u00bb4.27.4&#8243; _module_preset=\u00bbdefault\u00bb background_color=\u00bb#5B675E\u00bb custom_padding=\u00bb50px|||||\u00bb global_colors_info=\u00bb{}\u00bb][et_pb_row column_structure=\u00bb1_4,1_4,1_4,1_4&#8243; _builder_version=\u00bb4.27.4&#8243; _module_preset=\u00bbdefault\u00bb global_colors_info=\u00bb{}\u00bb][et_pb_column type=\u00bb1_4&#8243; _builder_version=\u00bb4.27.4&#8243; _module_preset=\u00bbdefault\u00bb global_colors_info=\u00bb{}\u00bb][et_pb_image src=\u00bbhttps:\/\/tretzeug.de\/wp-content\/uploads\/2024\/04\/carsten.jpg\u00bb title_text=\u00bbcarsten\u00bb _builder_version=\u00bb4.27.4&#8243; _module_preset=\u00bbdefault\u00bb border_radii=\u00bbon|5px|5px|5px|5px\u00bb global_colors_info=\u00bb{}\u00bb][\/et_pb_image][et_pb_text _builder_version=\u00bb4.27.4&#8243; _module_preset=\u00bbdefault\u00bb custom_margin=\u00bb-25px|||||\u00bb global_colors_info=\u00bb{}\u00bb]<\/p>\n<p style=\"text-align: center;\"><span style=\"color: #ffffff;\">Carsten Hage<\/span><\/p>\n<p>[\/et_pb_text][\/et_pb_column][et_pb_column type=\u00bb1_4&#8243; _builder_version=\u00bb4.27.4&#8243; _module_preset=\u00bbdefault\u00bb global_colors_info=\u00bb{}\u00bb][et_pb_image src=\u00bbhttps:\/\/tretzeug.de\/wp-content\/uploads\/2024\/04\/markus.jpg\u00bb title_text=\u00bbmarkus\u00bb _builder_version=\u00bb4.27.4&#8243; _module_preset=\u00bbdefault\u00bb border_radii=\u00bbon|5px|5px|5px|5px\u00bb global_colors_info=\u00bb{}\u00bb][\/et_pb_image][et_pb_text _builder_version=\u00bb4.27.4&#8243; _module_preset=\u00bbdefault\u00bb custom_margin=\u00bb-25px|||||\u00bb custom_padding=\u00bb|||2px||\u00bb global_colors_info=\u00bb{}\u00bb]<\/p>\n<p style=\"text-align: center;\"><span style=\"color: #ffffff;\">Markus Pohl<\/span><\/p>\n<p>[\/et_pb_text][\/et_pb_column][et_pb_column type=\u00bb1_4&#8243; _builder_version=\u00bb4.27.4&#8243; _module_preset=\u00bbdefault\u00bb global_colors_info=\u00bb{}\u00bb][et_pb_image src=\u00bbhttps:\/\/tretzeug.de\/wp-content\/uploads\/2024\/04\/peter.jpeg\u00bb title_text=\u00bbpeter\u00bb _builder_version=\u00bb4.27.4&#8243; _module_preset=\u00bbdefault\u00bb border_radii=\u00bbon|5px|5px|5px|5px\u00bb global_colors_info=\u00bb{}\u00bb][\/et_pb_image][et_pb_text _builder_version=\u00bb4.27.4&#8243; _module_preset=\u00bbdefault\u00bb custom_margin=\u00bb-25px|||||\u00bb global_colors_info=\u00bb{}\u00bb]<\/p>\n<p style=\"text-align: center;\"><span style=\"color: #ffffff;\">Peter Kirschke<\/span><\/p>\n<p>[\/et_pb_text][\/et_pb_column][et_pb_column type=\u00bb1_4&#8243; _builder_version=\u00bb4.27.4&#8243; _module_preset=\u00bbdefault\u00bb global_colors_info=\u00bb{}\u00bb][et_pb_image src=\u00bbhttps:\/\/tretzeug.de\/wp-content\/uploads\/2024\/04\/tobias.jpeg\u00bb title_text=\u00bbtobias\u00bb _builder_version=\u00bb4.27.4&#8243; _module_preset=\u00bbdefault\u00bb border_radii=\u00bbon|5px|5px|5px|5px\u00bb global_colors_info=\u00bb{}\u00bb][\/et_pb_image][et_pb_text _builder_version=\u00bb4.27.4&#8243; _module_preset=\u00bbdefault\u00bb custom_margin=\u00bb-25px|||||\u00bb global_colors_info=\u00bb{}\u00bb]<\/p>\n<p style=\"text-align: center;\"><span style=\"color: #ffffff;\">Tobias Fiedler<\/span><\/p>\n<p>[\/et_pb_text][\/et_pb_column][\/et_pb_row][\/et_pb_section]<\/p>\n","protected":false},"excerpt":{"rendered":"<p>Nuestro viaje Siguiendo la llamada del coraz\u00f3n, Carsten y Markus fundaron Tretzeug GmbH&#8230;.y luego, como complemento perfecto, conocieron a los dos desarrolladores independientes Peter y Tobias. \u00abLibertad sobre cuatro ruedas\u00bbAqu\u00ed hay un buen art\u00edculo sobre la historia de la creaci\u00f3n de Tretzeug GmbH: https:\/\/www.sueddeutsche.de\/\u2026 Cambio #Movilidad\u201cNunca se produce un cambio luchando contra lo existente. Para [&hellip;]<\/p>\n","protected":false},"author":1,"featured_media":0,"parent":0,"menu_order":0,"comment_status":"closed","ping_status":"closed","template":"","meta":{"_et_pb_use_builder":"on","_et_pb_old_content":"","_et_gb_content_width":"","footnotes":""},"class_list":["post-4124","page","type-page","status-publish","hentry"],"_links":{"self":[{"href":"https:\/\/tretzeug.de\/es\/wp-json\/wp\/v2\/pages\/4124","targetHints":{"allow":["GET"]}}],"collection":[{"href":"https:\/\/tretzeug.de\/es\/wp-json\/wp\/v2\/pages"}],"about":[{"href":"https:\/\/tretzeug.de\/es\/wp-json\/wp\/v2\/types\/page"}],"author":[{"embeddable":true,"href":"https:\/\/tretzeug.de\/es\/wp-json\/wp\/v2\/users\/1"}],"replies":[{"embeddable":true,"href":"https:\/\/tretzeug.de\/es\/wp-json\/wp\/v2\/comments?post=4124"}],"version-history":[{"count":9,"href":"https:\/\/tretzeug.de\/es\/wp-json\/wp\/v2\/pages\/4124\/revisions"}],"predecessor-version":[{"id":4156,"href":"https:\/\/tretzeug.de\/es\/wp-json\/wp\/v2\/pages\/4124\/revisions\/4156"}],"wp:attachment":[{"href":"https:\/\/tretzeug.de\/es\/wp-json\/wp\/v2\/media?parent=4124"}],"curies":[{"name":"wp","href":"https:\/\/api.w.org\/{rel}","templated":true}]}}